{"id":909,"date":"2017-10-04T10:25:07","date_gmt":"2017-10-04T09:25:07","guid":{"rendered":"http:\/\/www.naimacuisine.fr\/blog\/?page_id=909"},"modified":"2026-03-29T12:11:07","modified_gmt":"2026-03-29T11:11:07","slug":"categoryles-plats-2","status":"publish","type":"page","link":"https:\/\/www.naimacuisine.fr\/blog\/categoryles-plats-2\/","title":{"rendered":"Ateliers cuisine"},"content":{"rendered":"\n<p><\/p>\n\n\n\n<blockquote class=\"wp-block-quote is-style-default is-layout-flow wp-block-quote-is-layout-flow\">\n<ul class=\"wp-block-list\">\n<li class=\"has-medium-font-size\" style=\"font-style:italic;font-weight:700\"><strong><mark style=\"background-color:rgba(0, 0, 0, 0)\" class=\"has-inline-color has-vivid-red-color\"><em>Les ateliers en ligne sont confirm\u00e9s d\u00e8s 3 personnes inscrites.<\/em><\/mark><\/strong><\/li>\n<\/ul>\n<\/blockquote>\n\n\n\n<blockquote class=\"wp-block-quote is-style-default is-layout-flow wp-block-quote-is-layout-flow\">\n<ul class=\"wp-block-list\">\n<li class=\"has-medium-font-size\" style=\"font-style:italic;font-weight:700\"><em><strong><mark style=\"background-color:rgba(0, 0, 0, 0)\" class=\"has-inline-color has-vivid-red-color\">Privatisez votre atelier d\u00e8s 3 personnes , au tarif habituel<\/mark><\/strong><\/em><\/li>\n<\/ul>\n\n\n\n<p><\/p>\n\n\n\n<ul class=\"wp-block-list\">\n<li class=\"has-medium-font-size\" style=\"font-style:italic;font-weight:700\"><strong><mark style=\"background-color:rgba(0, 0, 0, 0)\" class=\"has-inline-color has-vivid-red-color\"><em>Pour r\u00e9server, contactez-moi par mail: <\/em><br>&#8211; <em>naimacuisine55@gmail.com<\/em> <\/mark><em><mark style=\"background-color:rgba(0, 0, 0, 0)\" class=\"has-inline-color has-black-color\">ou<\/mark><\/em><mark style=\"background-color:rgba(0, 0, 0, 0)\" class=\"has-inline-color has-vivid-red-color\"><em> <\/em><br>&#8211; <em>par t\u00e9lephone au 0679716355<\/em><\/mark><\/strong><\/li>\n<\/ul>\n\n\n\n<p><\/p>\n<\/blockquote>\n\n\n\n<p><\/p>\n\n\n\n<p><\/p>\n\n\n\n<p><\/p>\n\n\n\n<p><\/p>\n\n\n\n<p><\/p>\n\n\n\n<p><\/p>\n\n\n\n<h2 class=\"wp-block-heading\"><mark style=\"background-color:rgba(0, 0, 0, 0)\" class=\"has-inline-color has-black-color\"><strong>JANVIER 2026<\/strong><\/mark><\/h2>\n\n\n\n<p><strong><mark style=\"background-color:rgba(0, 0, 0, 0)\" class=\"has-inline-color has-black-color\">Samedi 10 Janvier \u00e0 9h45 <\/mark><\/strong>, <strong><em> <\/em><\/strong><mark style=\"background-color:rgba(0, 0, 0, 0)\" class=\"has-inline-color has-vivid-red-color\"><strong>&#8211; COMPLET<\/strong><\/mark><br><strong><mark style=\"background-color:rgba(0, 0, 0, 0)\" class=\"has-inline-color has-vivid-red-color\">&#8211; <em>Viennoiserie<\/em><\/mark><\/strong><br> <strong><em> <\/em><\/strong><\/p>\n\n\n\n<p><strong><mark style=\"background-color:rgba(0, 0, 0, 0)\" class=\"has-inline-color has-black-color\">Samedi 17 Janvier <\/mark><\/strong><br><strong><em><mark style=\"background-color:rgba(0, 0, 0, 0)\" class=\"has-inline-color has-vivid-red-color\">&#8211; EVJF<\/mark><\/em><\/strong><br><\/p>\n\n\n\n<p><\/p>\n\n\n\n<p><\/p>\n\n\n\n<p><\/p>\n\n\n\n<h2 class=\"wp-block-heading\"><strong><mark style=\"background-color:rgba(0, 0, 0, 0)\" class=\"has-inline-color has-black-color\">FEVRIER 2026<\/mark><\/strong><\/h2>\n\n\n\n<p><\/p>\n\n\n\n<p><strong><mark style=\"background-color:rgba(0, 0, 0, 0)\" class=\"has-inline-color has-black-color\">Samedi 07 f\u00e9vrier \u00e0 10h<\/mark><\/strong><br><em><strong><mark style=\"background-color:rgba(0, 0, 0, 0)\" class=\"has-inline-color has-vivid-red-color\">Atelier privatis\u00e9 :<\/mark><\/strong> <\/em><br>&#8211; P<em>\u00e2te \u00e0 choux<\/em><\/p>\n\n\n\n<p>\u2e3b<\/p>\n\n\n\n<p><mark style=\"background-color:rgba(0, 0, 0, 0)\" class=\"has-inline-color has-black-color\"><strong>Samedi 14 f\u00e9vrier&nbsp;\u00e0 10h,&nbsp;<\/strong><\/mark><strong><mark style=\"background-color:rgba(0, 0, 0, 0)\" class=\"has-inline-color has-vivid-green-cyan-color\">&lsquo;2h30<\/mark><\/strong><mark style=\"background-color:rgba(0, 0, 0, 0)\" class=\"has-inline-color has-black-color\"><br><\/mark><strong><em><mark style=\"background-color:rgba(0, 0, 0, 0)\" class=\"has-inline-color has-vivid-red-color\">Sp\u00e9cial Saint-valentin<\/mark><\/em><mark style=\"background-color:rgba(0, 0, 0, 0)\" class=\"has-inline-color has-vivid-red-color\"> <\/mark><mark style=\"background-color:rgba(0, 0, 0, 0)\" class=\"has-inline-color has-vivid-red-color\">,<\/mark><\/strong><mark style=\"background-color:rgba(0, 0, 0, 0)\" class=\"has-inline-color has-black-color\">  <strong><mark style=\"background-color:rgba(0, 0, 0, 0)\" class=\"has-inline-color has-vivid-red-color\">45\u20ac<\/mark><\/strong><br>&#8211; Le Heart Cake , un grand number cake en forme de coeur.<br>&#x1f449; Nous pr\u00e9parerons une p\u00e2te sabl\u00e9e \u00e0 base d&rsquo;amandes, une cr\u00e8me diplomate \u00e0 la vanille, une garniture de votre choix, avec des fruits de saison, des meringues, des chocolats<a href=\"https:\/\/www.naimacuisine.fr\/blog\/wp-admin\/post.php?post=909&amp;action=edit#block-505df0b0-ed6e-4d06-8ef9-34f3460a53d7\"><\/a><br><\/mark><\/p>\n\n\n\n<p><\/p>\n\n\n\n<p>\u2e3b<\/p>\n\n\n\n<p><br><\/p>\n\n\n\n<p><\/p>\n\n\n\n<p><strong><mark style=\"background-color:rgba(0, 0, 0, 0)\" class=\"has-inline-color has-black-color\">Mercredi 25 f\u00e9vrier \u00e0 14h30, <\/mark><em><mark style=\"background-color:rgba(0, 0, 0, 0)\" class=\"has-inline-color has-vivid-green-cyan-color\">&lsquo;2h15<\/mark><\/em><\/strong><br><em><strong><mark style=\"background-color:rgba(0, 0, 0, 0)\" class=\"has-inline-color has-vivid-red-color\">Atelier Parents-Enfants<\/mark><\/strong><\/em> <strong><mark style=\"background-color:rgba(0, 0, 0, 0)\" class=\"has-inline-color has-vivid-red-color\">,  37\u20ac<\/mark><\/strong><br><mark style=\"background-color:rgba(0, 0, 0, 0)\" class=\"has-inline-color has-black-color\"><strong>&#8211;<\/strong> Donuts <br><strong>&#8211;<\/strong> <em>Vous apprendrez \u00e0 faire des donuts moelleux (la recette est une base de g\u00e2teau cuite au four et non \u00e0 la friteuse).<\/em><br><strong>&#8211;<\/strong> Pr\u00e9paration de gla\u00e7age \u00e0 base de chocolat, et d\u00e9coration <\/mark>.<br><strong><mark style=\"background-color:rgba(0, 0, 0, 0)\" class=\"has-inline-color has-black-color\">&#8211;<\/mark><\/strong> <mark style=\"background-color:rgba(0, 0, 0, 0)\" class=\"has-inline-color has-black-color\">Smoothie mangues, ananas, banane, orange<br><\/mark><\/p>\n\n\n\n<p><\/p>\n\n\n\n<p>\u2e3b<\/p>\n\n\n\n<p><strong><mark style=\"background-color:rgba(0, 0, 0, 0)\" class=\"has-inline-color has-black-color\">Samedi 28 f\u00e9vrier \u00e0 10h,<\/mark>  <mark style=\"background-color:rgba(0, 0, 0, 0)\" class=\"has-inline-color has-vivid-green-cyan-color\"><em>&lsquo;3h<\/em><\/mark><\/strong><br><strong><mark style=\"background-color:rgba(0, 0, 0, 0)\" class=\"has-inline-color has-vivid-red-color\"><em>Cuisine Indienne<\/em>,  45\u20ac<\/mark><\/strong><br><mark style=\"background-color:rgba(0, 0, 0, 0)\" class=\"has-inline-color has-black-color\">&#8211; Pain indien  Cheese naan<br>&#8211; Dahl au poulet et curry<br>&#8211; Lassi \u00e0 la mangue<\/mark><\/p>\n\n\n\n<p>\u2e3b<\/p>\n\n\n\n<p><\/p>\n\n\n\n<p><\/p>\n\n\n\n<h2 class=\"wp-block-heading\"><strong><mark style=\"background-color:rgba(0, 0, 0, 0)\" class=\"has-inline-color has-black-color\">MARS 2026<\/mark><\/strong><\/h2>\n\n\n\n<p><strong><mark style=\"background-color:rgba(0, 0, 0, 0)\" class=\"has-inline-color has-black-color\">Samedi 07 mars \u00e0 10h<\/mark><\/strong><br><strong><em><mark style=\"background-color:rgba(0, 0, 0, 0)\" class=\"has-inline-color has-vivid-red-color\">&#8211; Atelier privatis\u00e9 :<\/mark><\/em><mark style=\"background-color:rgba(0, 0, 0, 0)\" class=\"has-inline-color has-vivid-red-color\"> <\/mark><\/strong> <br><mark style=\"background-color:rgba(0, 0, 0, 0)\" class=\"has-inline-color has-black-color\">Mezz\u00e9 Libanais<\/mark><\/p>\n\n\n\n<p>\u2e3b<\/p>\n\n\n\n<p><\/p>\n\n\n\n<p><\/p>\n\n\n\n<p><strong><mark style=\"background-color:rgba(0, 0, 0, 0)\" class=\"has-inline-color has-black-color\">Samedi 14 mars \u00e0 9h45,  <\/mark><mark style=\"background-color:rgba(0, 0, 0, 0)\" class=\"has-inline-color has-vivid-green-cyan-color\"><em>&lsquo;3h30<\/em><\/mark><\/strong><br><strong><em><mark style=\"background-color:rgba(0, 0, 0, 0)\" class=\"has-inline-color has-vivid-red-color\">P\u00e2tisserie Marocaine<\/mark><\/em><\/strong> <strong><mark style=\"background-color:rgba(0, 0, 0, 0)\" class=\"has-inline-color has-vivid-red-color\">,  45\u20ac<\/mark><\/strong><br><mark style=\"background-color:rgba(0, 0, 0, 0)\" class=\"has-inline-color has-black-color\">&#8211; Cornes de gazelle<br>&#8211; Makroutes aux dattes<br>&#8211; Briouates aux amandes<\/mark><\/p>\n\n\n\n<p><\/p>\n\n\n\n<p>\u2e3b<\/p>\n\n\n\n<p><\/p>\n\n\n\n<p><mark style=\"background-color:rgba(0, 0, 0, 0)\" class=\"has-inline-color has-black-color\"><strong>Samedi 21 Mars \u00e0 10h,&nbsp;<\/strong><\/mark><strong><em class=\"\"><mark style=\"background-color:rgba(0, 0, 0, 0)\" class=\"has-inline-color has-vivid-green-cyan-color\">&lsquo;3h<\/mark><\/em><\/strong><mark style=\"background-color:rgba(0, 0, 0, 0)\" class=\"has-inline-color has-black-color\"><br><\/mark><strong class=\"\"><mark style=\"background-color:rgba(0, 0, 0, 0)\" class=\"has-inline-color has-vivid-red-color\"><em class=\"\">Les saveurs du Maroc<\/em>, 45\u20ac<\/mark><\/strong><mark style=\"background-color:rgba(0, 0, 0, 0)\" class=\"has-inline-color has-black-color\"><br><strong class=\"\">&#8211;<\/strong>&nbsp;Harira* , soupe marocaine embl\u00e9matique<br><strong class=\"\">&#8211;<\/strong>&nbsp;Msemen, cr\u00eapes feuillet\u00e9es marocaines<\/mark><br><mark style=\"background-color:rgba(0, 0, 0, 0)\" class=\"has-inline-color has-black-color\"><strong class=\"\">&#8211;<\/strong><\/mark> <mark style=\"background-color:rgba(0, 0, 0, 0)\" class=\"has-inline-color has-black-color\">En bonus, des msemmen farcis au jben* et \u00e9pinard, parfum\u00e9 au zaatar.<\/mark><br><mark style=\"background-color:rgba(0, 0, 0, 0)\" class=\"has-inline-color has-black-color\"><strong class=\"\">&#8211;<\/strong> Th\u00e9 \u00e0 la menthe et p\u00e2tisserie marocaine en d\u00e9gustation.<br><strong class=\"\">*<\/strong><em class=\"\">La harira est une soupe marocaine, \u00e9paisse, et tr\u00e8s riche , \u00e0 base de tomates, l\u00e9gumes secs, cubes de viande , c\u00e9leri et oignons, vermicelles.&nbsp; Au ramadan, elle est servie avec des dattes ; c&rsquo;est un plat entier qui se d\u00e9guste aussi bien au quotidien que lors des grandes occasions.<\/em><\/mark><br><mark style=\"background-color:rgba(0, 0, 0, 0)\" class=\"has-inline-color has-black-color\"><strong class=\"\">*<\/strong><\/mark> <mark style=\"background-color:rgba(0, 0, 0, 0)\" class=\"has-inline-color has-black-color\"><em>Le jben est un fromage frais pr\u00e9par\u00e9 avec du lait de brebis ou ch\u00e8vre; il tr\u00e8s appr\u00e9ci\u00e9 au Maroc<\/em><br><\/mark><br><\/p>\n\n\n\n<p>\u2e3b<\/p>\n\n\n\n<p><\/p>\n\n\n\n<p><\/p>\n\n\n\n<p><mark style=\"background-color:rgba(0, 0, 0, 0)\" class=\"has-inline-color has-black-color\"><strong>Samedi 28 Mars \u00e0 10h,&nbsp;<\/strong><\/mark><strong><em class=\"\"><mark style=\"background-color:rgba(0, 0, 0, 0)\" class=\"has-inline-color has-vivid-green-cyan-color\">&lsquo;3h<\/mark><\/em><\/strong><mark style=\"background-color:rgba(0, 0, 0, 0)\" class=\"has-inline-color has-black-color\"><br><\/mark><strong class=\"\"><mark style=\"background-color:rgba(0, 0, 0, 0)\" class=\"has-inline-color has-vivid-red-color\"><em class=\"\">Les saveurs du Maroc<\/em>, 45\u20ac<\/mark><\/strong><mark style=\"background-color:rgba(0, 0, 0, 0)\" class=\"has-inline-color has-black-color\"><br><strong class=\"\">&#8211;<\/strong>&nbsp;Harira , soupe marocaine embl\u00e9matique<br><strong class=\"\">&#8211;<\/strong>&nbsp;Msemen, cr\u00eapes feuillet\u00e9es marocaines<\/mark><br><mark style=\"background-color:rgba(0, 0, 0, 0)\" class=\"has-inline-color has-black-color\"><strong class=\"\">&#8211;<\/strong><\/mark> <mark style=\"background-color:rgba(0, 0, 0, 0)\" class=\"has-inline-color has-black-color\">En bonus, des msemmen farcis au jben* et \u00e9pinard, parfum\u00e9 au zaatar.<\/mark><br><mark style=\"background-color:rgba(0, 0, 0, 0)\" class=\"has-inline-color has-black-color\"><strong>&#8211;<\/strong> Th\u00e9 \u00e0 la menthe et p\u00e2tisserie marocaine en d\u00e9gustation.<br><strong class=\"\">*<\/strong><em class=\"\">La harira est une soupe marocaine, \u00e9paisse, et tr\u00e8s riche , \u00e0 base de tomates, l\u00e9gumes secs, cubes de viande , c\u00e9leri et oignons, vermicelles.&nbsp; Au ramadan, elle est servie avec des dattes ; c&rsquo;est un plat entier qui se d\u00e9guste aussi bien au quotidien que lors des grandes occasions.<\/em><\/mark><br><mark style=\"background-color:rgba(0, 0, 0, 0)\" class=\"has-inline-color has-black-color\"><strong class=\"\">*<\/strong><\/mark> <mark style=\"background-color:rgba(0, 0, 0, 0)\" class=\"has-inline-color has-black-color\"><em>Le jben est un fromage frais pr\u00e9par\u00e9 avec du lait de brebis ou ch\u00e8vre; il tr\u00e8s appr\u00e9ci\u00e9 au Maroc<\/em><br><strong class=\"\">*<\/strong>&nbsp;<strong class=\"\"><em class=\"\">Une version v\u00e9g\u00e9tarienne de la harira sera propos\u00e9e pour les personnes int\u00e9r\u00e9ss\u00e9es<\/em><\/strong><\/mark><\/p>\n\n\n\n<p><\/p>\n\n\n\n<p>\u2e3b<\/p>\n\n\n\n<p><\/p>\n\n\n\n<h2 class=\"wp-block-heading\"><strong><mark style=\"background-color:rgba(0, 0, 0, 0)\" class=\"has-inline-color has-black-color\">AVRIL 2026<\/mark><\/strong><\/h2>\n\n\n\n<p><\/p>\n\n\n\n<p>\u2e3b<br> <mark style=\"background-color:rgba(0, 0, 0, 0)\" class=\"has-inline-color has-vivid-red-color\"><strong>&#8211;<\/strong><\/mark> <em><strong><mark style=\"background-color:rgba(0, 0, 0, 0)\" class=\"has-inline-color has-vivid-red-color\">L&rsquo;atelier sera ferm\u00e9 du 11 au 28 Avril <\/mark><\/strong> <\/em><br><br><br><\/p>\n\n\n\n<p><\/p>\n\n\n\n<p>\u2e3b<\/p>\n\n\n\n<p><\/p>\n\n\n\n<p><\/p>\n\n\n\n<h2 class=\"wp-block-heading\"><strong><mark style=\"background-color:rgba(0, 0, 0, 0)\" class=\"has-inline-color has-black-color\">MAI  2026<\/mark><\/strong><\/h2>\n\n\n\n<p><strong><mark style=\"background-color:rgba(0, 0, 0, 0)\" class=\"has-inline-color has-black-color\">Samedi 02 MAI \u00e0 10h,<\/mark><\/strong> <strong><mark style=\"background-color:rgba(0, 0, 0, 0)\" class=\"has-inline-color has-vivid-green-cyan-color\"><em>&lsquo;3h<\/em><\/mark><\/strong><br><strong><mark style=\"background-color:rgba(0, 0, 0, 0)\" class=\"has-inline-color has-vivid-red-color\">P\u00e2te \u00e0 choux<\/mark><\/strong> <strong><mark style=\"background-color:rgba(0, 0, 0, 0)\" class=\"has-inline-color has-vivid-red-color\">, 45\u20ac<\/mark><\/strong><br><mark style=\"background-color:rgba(0, 0, 0, 0)\" class=\"has-inline-color has-black-color\">&#8211; Paris-brest<br>&#8211; Chouquettes <\/mark><\/p>\n\n\n\n<p><\/p>\n\n\n\n<p><strong><mark style=\"background-color:rgba(0, 0, 0, 0)\" class=\"has-inline-color has-black-color\">Samedi 09 Mai \u00e0 10h,<\/mark><\/strong> <strong><mark style=\"background-color:rgba(0, 0, 0, 0)\" class=\"has-inline-color has-vivid-green-cyan-color\"><em>&lsquo;3h<\/em><\/mark><\/strong><br><strong><mark style=\"background-color:rgba(0, 0, 0, 0)\" class=\"has-inline-color has-vivid-red-color\"><em>Les saveurs de F\u00e8s<\/em>, 45\u20ac<\/mark><\/strong><br><mark style=\"background-color:rgba(0, 0, 0, 0)\" class=\"has-inline-color has-black-color\">&#8211; Tajine de poulet au citron confit et olives<br>&#8211; Briouates aux amandes et fleur d&rsquo;oranger<br>&#8211; Baghrir (cr\u00eapes mille trous)<strong><br><\/strong><\/mark><\/p>\n\n\n\n<p><strong><mark style=\"background-color:rgba(0, 0, 0, 0)\" class=\"has-inline-color has-black-color\">Samedi 27 juin \u00e0 10h, <\/mark> <mark style=\"background-color:rgba(0, 0, 0, 0)\" class=\"has-inline-color has-vivid-green-cyan-color\"><em>&lsquo;3h<\/em><\/mark><\/strong><br><strong><em><mark style=\"background-color:rgba(0, 0, 0, 0)\" class=\"has-inline-color has-vivid-red-color\">Atelier Macaron<\/mark><\/em><mark style=\"background-color:rgba(0, 0, 0, 0)\" class=\"has-inline-color has-vivid-red-color\">s , 45\u20ac<\/mark><\/strong><br><mark style=\"background-color:rgba(0, 0, 0, 0)\" class=\"has-inline-color has-black-color\">&#8211; Macarons au chocolat<br>&#8211; Macarons au cr\u00e9meux framboises<\/mark><\/p>\n\n\n\n<p><\/p>\n\n\n\n<p><\/p>\n\n\n\n<p><\/p>\n\n\n\n<p><\/p>\n\n\n\n<p><\/p>\n\n\n\n<p><\/p>\n\n\n\n<p><\/p>\n\n\n\n<p><\/p>\n\n\n\n<p><\/p>\n\n\n\n<p><\/p>\n\n\n\n<p><\/p>\n\n\n\n<p><\/p>\n\n\n\n<p><\/p>\n\n\n\n<p><\/p>\n\n\n\n<p><\/p>\n\n\n\n<p><\/p>\n\n\n\n<p><\/p>\n\n\n\n<p><\/p>\n\n\n\n<p><\/p>\n\n\n\n<p><\/p>\n\n\n\n<p><\/p>\n\n\n\n<p><\/p>\n\n\n\n<p><\/p>\n\n\n\n<p><\/p>\n\n\n\n<p><\/p>\n\n\n\n<p><\/p>\n\n\n\n<p><\/p>\n\n\n\n<p><\/p>\n\n\n\n<p><\/p>\n\n\n\n<p><\/p>\n\n\n\n<p><\/p>\n\n\n\n<p><\/p>\n\n\n\n<p><\/p>\n\n\n\n<p><\/p>\n\n\n\n<p><\/p>\n\n\n\n<p><\/p>\n\n\n\n<p><\/p>\n\n\n\n<p><\/p>\n\n\n\n<p><\/p>\n\n\n\n<p><\/p>\n\n\n\n<p><\/p>\n\n\n\n<p><\/p>\n\n\n\n<p><\/p>\n\n\n\n<p><\/p>\n\n\n\n<p><\/p>\n\n\n\n<p><\/p>\n\n\n\n<p><\/p>\n\n\n\n<p><\/p>\n\n\n\n<p><\/p>\n\n\n\n<p><\/p>\n\n\n\n<p><\/p>\n\n\n\n<p><\/p>\n\n\n\n<p><\/p>\n\n\n\n<p><\/p>\n\n\n\n<p><\/p>\n\n\n\n<p><\/p>\n\n\n\n<p><\/p>\n\n\n\n<p><\/p>\n\n\n\n<p><\/p>\n\n\n\n<p><\/p>\n\n\n\n<p><\/p>\n\n\n\n<p><\/p>\n\n\n\n<p><\/p>\n\n\n\n<p><\/p>\n\n\n\n<p><\/p>\n\n\n\n<p><\/p>\n\n\n\n<p><\/p>\n\n\n\n<p><\/p>\n\n\n\n<p><\/p>\n\n\n\n<p><\/p>\n\n\n\n<p><\/p>\n\n\n\n<p><\/p>\n\n\n\n<p><\/p>\n\n\n\n<p><\/p>\n\n\n\n<p><\/p>\n\n\n\n<p><\/p>\n\n\n\n<p><\/p>\n\n\n\n<p><\/p>\n\n\n\n<p><\/p>\n\n\n\n<p><\/p>\n\n\n\n<p><\/p>\n\n\n\n<p><\/p>\n\n\n\n<p><\/p>\n\n\n\n<p><\/p>\n\n\n\n<p><\/p>\n\n\n\n<p><\/p>\n\n\n\n<p><\/p>\n\n\n\n<h2 class=\"wp-block-heading\"><\/h2>\n","protected":false},"excerpt":{"rendered":"<p>JANVIER 2026 Samedi 10 Janvier \u00e0 9h45 , &#8211; COMPLET&#8211; Viennoiserie Samedi 17 Janvier &#8211; EVJF FEVRIER 2026 Samedi 07 f\u00e9vrier \u00e0 10hAtelier privatis\u00e9 : &#8211; P\u00e2te \u00e0 choux \u2e3b Samedi 14 f\u00e9vrier&nbsp;\u00e0 10h,&nbsp;&lsquo;2h30Sp\u00e9cial Saint-valentin , 45\u20ac&#8211; Le Heart Cake , un grand number cake en forme de coeur.&#x1f449; Nous pr\u00e9parerons une p\u00e2te sabl\u00e9e \u00e0 base d&rsquo;amandes, une cr\u00e8me diplomate \u00e0 la vanille, une garniture de votre choix, avec des fruits de saison, des meringues, des chocolats \u2e3b Mercredi 25 f\u00e9vrier \u00e0 14h30, &lsquo;2h15Atelier Parents-Enfants , 37\u20ac&#8211; Donuts &#8211; Vous&#8230;<a class=\"read-more\" href=\"https:\/\/www.naimacuisine.fr\/blog\/categoryles-plats-2\/\">read more<\/a><\/p>\n","protected":false},"author":1,"featured_media":0,"parent":0,"menu_order":8,"comment_status":"closed","ping_status":"closed","template":"","meta":{"footnotes":""},"class_list":["post-909","page","type-page","status-publish","hentry","et-no-image","et-bg-layout-dark","et-white-bg"],"_links":{"self":[{"href":"https:\/\/www.naimacuisine.fr\/blog\/wp-json\/wp\/v2\/pages\/909","targetHints":{"allow":["GET"]}}],"collection":[{"href":"https:\/\/www.naimacuisine.fr\/blog\/wp-json\/wp\/v2\/pages"}],"about":[{"href":"https:\/\/www.naimacuisine.fr\/blog\/wp-json\/wp\/v2\/types\/page"}],"author":[{"embeddable":true,"href":"https:\/\/www.naimacuisine.fr\/blog\/wp-json\/wp\/v2\/users\/1"}],"replies":[{"embeddable":true,"href":"https:\/\/www.naimacuisine.fr\/blog\/wp-json\/wp\/v2\/comments?post=909"}],"version-history":[{"count":1373,"href":"https:\/\/www.naimacuisine.fr\/blog\/wp-json\/wp\/v2\/pages\/909\/revisions"}],"predecessor-version":[{"id":2717,"href":"https:\/\/www.naimacuisine.fr\/blog\/wp-json\/wp\/v2\/pages\/909\/revisions\/2717"}],"wp:attachment":[{"href":"https:\/\/www.naimacuisine.fr\/blog\/wp-json\/wp\/v2\/media?parent=909"}],"curies":[{"name":"wp","href":"https:\/\/api.w.org\/{rel}","templated":true}]}}